{"id":24,"date":"2024-12-11T07:52:00","date_gmt":"2024-12-11T06:52:00","guid":{"rendered":"https:\/\/www.abl.limo\/?page_id=24"},"modified":"2025-09-02T12:32:41","modified_gmt":"2025-09-02T10:32:41","slug":"mentions-legales","status":"publish","type":"page","link":"https:\/\/abl.limo\/fr\/mentions-legales\/","title":{"rendered":"Mentions l\u00e9gales"},"content":{"rendered":"\t\t<div data-elementor-type=\"wp-page\" data-elementor-id=\"24\" class=\"elementor elementor-24\" data-elementor-post-type=\"page\">\n\t\t\t\t<div class=\"elementor-element elementor-element-4b9c157 e-flex e-con-boxed e-con e-parent\" data-id=\"4b9c157\" data-element_type=\"container\">\n\t\t\t\t\t<div class=\"e-con-inner\">\n\t\t\t\t<div class=\"elementor-element elementor-element-f8d657c elementor-widget elementor-widget-heading\" data-id=\"f8d657c\" data-element_type=\"widget\" data-widget_type=\"heading.default\">\n\t\t\t\t<div class=\"elementor-widget-container\">\n\t\t\t\t\t<h1 class=\"elementor-heading-title elementor-size-default\">Mentions l\u00e9gales<\/h1>\t\t\t\t<\/div>\n\t\t\t\t<\/div>\n\t\t<div class=\"elementor-element elementor-element-cc23f06 e-con-full e-flex e-con e-child\" data-id=\"cc23f06\" data-element_type=\"container\">\n\t\t\t\t<div class=\"elementor-element elementor-element-a75044d elementor-widget elementor-widget-heading\" data-id=\"a75044d\" data-element_type=\"widget\" data-widget_type=\"heading.default\">\n\t\t\t\t<div class=\"elementor-widget-container\">\n\t\t\t\t\t<h2 class=\"elementor-heading-title elementor-size-default\">ABL Limousines srl<\/h2>\t\t\t\t<\/div>\n\t\t\t\t<\/div>\n\t\t\t\t<div class=\"elementor-element elementor-element-fca40b2 elementor-widget elementor-widget-text-editor\" data-id=\"fca40b2\" data-element_type=\"widget\" data-widget_type=\"text-editor.default\">\n\t\t\t\t<div class=\"elementor-widget-container\">\n\t\t\t\t\t\t\t\t\t<p>Si\u00e8ge social&nbsp;: Avenue de l&rsquo;H\u00e9lianthe, 50 &#8211; 1180 Uccle<\/p><p>Num\u00e9ro de t\u00e9l\u00e9phone&nbsp;: <a href=\"http:\/\/+3223313131\" data-wplink-url-error=\"true\">+32 (0)2 331 31 31<\/a><\/p><p>Adresse e-mail&nbsp;: <a href=\"mailto:res@abl.limo\">res@abl.limo<\/a><\/p><p>Num\u00e9ro d\u2019entreprise&nbsp;: 0807.388.111<\/p><p>Num\u00e9ro de TVA&nbsp;: BE 0807.388.111<\/p>\t\t\t\t\t\t\t\t<\/div>\n\t\t\t\t<\/div>\n\t\t\t\t<\/div>\n\t\t\t\t\t<\/div>\n\t\t\t\t<\/div>\n\t\t\t\t<\/div>","protected":false},"excerpt":{"rendered":"<p>ABL Limousines srl Si\u00e8ge social&nbsp;: Avenue de l&rsquo;H\u00e9lianthe, 50 &#8211; 1180 Uccle Num\u00e9ro de t\u00e9l\u00e9phone&nbsp;: +32 (0)2 331 31 31 Adresse e-mail&nbsp;: res@abl.limo Num\u00e9ro d\u2019entreprise&nbsp;: 0807.388.111 Num\u00e9ro de TVA&nbsp;: BE 0807.388.111<\/p>","protected":false},"author":1,"featured_media":0,"parent":0,"menu_order":0,"comment_status":"closed","ping_status":"closed","template":"","meta":{"footnotes":""},"class_list":["post-24","page","type-page","status-publish","hentry"],"yoast_head":"<!-- This site is optimized with the Yoast SEO plugin v25.4 - https:\/\/yoast.com\/wordpress\/plugins\/seo\/ -->\n<title>ABL Limousines | Mentions l\u00e9gales<\/title>\n<meta name=\"robots\" content=\"noindex, follow\" \/>\n<meta property=\"og:locale\" content=\"fr_FR\" \/>\n<meta property=\"og:type\" content=\"article\" \/>\n<meta property=\"og:title\" content=\"ABL Limousines | Mentions l\u00e9gales\" \/>\n<meta property=\"og:description\" content=\"ABL Limousines srl Si\u00e8ge social&nbsp;: Avenue de l&rsquo;H\u00e9lianthe, 50 &#8211; 1180 Uccle Num\u00e9ro de t\u00e9l\u00e9phone&nbsp;: +32 (0)2 331 31 31 Adresse e-mail&nbsp;: res@abl.limo Num\u00e9ro d\u2019entreprise&nbsp;: 0807.388.111 Num\u00e9ro de TVA&nbsp;: BE 0807.388.111\" \/>\n<meta property=\"og:url\" content=\"https:\/\/abl.limo\/fr\/mentions-legales\/\" \/>\n<meta property=\"og:site_name\" content=\"ABL Limousines\" \/>\n<meta property=\"article:modified_time\" content=\"2025-09-02T10:32:41+00:00\" \/>\n<meta property=\"og:image\" content=\"https:\/\/abl.limo\/wp-content\/uploads\/2025\/06\/transport-haut-de-gamme.webp\" \/>\n\t<meta property=\"og:image:width\" content=\"2500\" \/>\n\t<meta property=\"og:image:height\" content=\"1500\" \/>\n\t<meta property=\"og:image:type\" content=\"image\/webp\" \/>\n<meta name=\"twitter:card\" content=\"summary_large_image\" \/>\n<meta name=\"twitter:label1\" content=\"Dur\u00e9e de lecture estim\u00e9e\" \/>\n\t<meta name=\"twitter:data1\" content=\"1 minute\" \/>\n<script type=\"application\/ld+json\" class=\"yoast-schema-graph\">{\"@context\":\"https:\/\/schema.org\",\"@graph\":[{\"@type\":\"WebPage\",\"@id\":\"https:\/\/abl.limo\/fr\/mentions-legales\/\",\"url\":\"https:\/\/abl.limo\/fr\/mentions-legales\/\",\"name\":\"ABL Limousines | Mentions l\u00e9gales\",\"isPartOf\":{\"@id\":\"https:\/\/abl.limo\/fr\/#website\"},\"datePublished\":\"2024-12-11T06:52:00+00:00\",\"dateModified\":\"2025-09-02T10:32:41+00:00\",\"breadcrumb\":{\"@id\":\"https:\/\/abl.limo\/fr\/mentions-legales\/#breadcrumb\"},\"inLanguage\":\"fr-FR\",\"potentialAction\":[{\"@type\":\"ReadAction\",\"target\":[\"https:\/\/abl.limo\/fr\/mentions-legales\/\"]}]},{\"@type\":\"BreadcrumbList\",\"@id\":\"https:\/\/abl.limo\/fr\/mentions-legales\/#breadcrumb\",\"itemListElement\":[{\"@type\":\"ListItem\",\"position\":1,\"name\":\"Accueil\",\"item\":\"https:\/\/abl.limo\/fr\/\"},{\"@type\":\"ListItem\",\"position\":2,\"name\":\"Mentions l\u00e9gales\"}]},{\"@type\":\"WebSite\",\"@id\":\"https:\/\/abl.limo\/fr\/#website\",\"url\":\"https:\/\/abl.limo\/fr\/\",\"name\":\"ABL Limousines\",\"description\":\"\",\"publisher\":{\"@id\":\"https:\/\/abl.limo\/fr\/#organization\"},\"potentialAction\":[{\"@type\":\"SearchAction\",\"target\":{\"@type\":\"EntryPoint\",\"urlTemplate\":\"https:\/\/abl.limo\/fr\/?s={search_term_string}\"},\"query-input\":{\"@type\":\"PropertyValueSpecification\",\"valueRequired\":true,\"valueName\":\"search_term_string\"}}],\"inLanguage\":\"fr-FR\"},{\"@type\":\"Organization\",\"@id\":\"https:\/\/abl.limo\/fr\/#organization\",\"name\":\"ABL Limousines\",\"url\":\"https:\/\/abl.limo\/fr\/\",\"logo\":{\"@type\":\"ImageObject\",\"inLanguage\":\"fr-FR\",\"@id\":\"https:\/\/abl.limo\/fr\/#\/schema\/logo\/image\/\",\"url\":\"http:\/\/www.abl.limo\/wp-content\/uploads\/2025\/05\/logo_abl-limousines.webp\",\"contentUrl\":\"http:\/\/www.abl.limo\/wp-content\/uploads\/2025\/05\/logo_abl-limousines.webp\",\"width\":300,\"height\":224,\"caption\":\"ABL Limousines\"},\"image\":{\"@id\":\"https:\/\/abl.limo\/fr\/#\/schema\/logo\/image\/\"}}]}<\/script>\n<!-- \/ Yoast SEO plugin. -->","yoast_head_json":{"title":"ABL Limousines | Mentions l\u00e9gales","robots":{"index":"noindex","follow":"follow"},"og_locale":"fr_FR","og_type":"article","og_title":"ABL Limousines | Mentions l\u00e9gales","og_description":"ABL Limousines srl Si\u00e8ge social&nbsp;: Avenue de l&rsquo;H\u00e9lianthe, 50 &#8211; 1180 Uccle Num\u00e9ro de t\u00e9l\u00e9phone&nbsp;: +32 (0)2 331 31 31 Adresse e-mail&nbsp;: res@abl.limo Num\u00e9ro d\u2019entreprise&nbsp;: 0807.388.111 Num\u00e9ro de TVA&nbsp;: BE 0807.388.111","og_url":"https:\/\/abl.limo\/fr\/mentions-legales\/","og_site_name":"ABL Limousines","article_modified_time":"2025-09-02T10:32:41+00:00","og_image":[{"width":2500,"height":1500,"url":"https:\/\/abl.limo\/wp-content\/uploads\/2025\/06\/transport-haut-de-gamme.webp","type":"image\/webp"}],"twitter_card":"summary_large_image","twitter_misc":{"Dur\u00e9e de lecture estim\u00e9e":"1 minute"},"schema":{"@context":"https:\/\/schema.org","@graph":[{"@type":"WebPage","@id":"https:\/\/abl.limo\/fr\/mentions-legales\/","url":"https:\/\/abl.limo\/fr\/mentions-legales\/","name":"ABL Limousines | Mentions l\u00e9gales","isPartOf":{"@id":"https:\/\/abl.limo\/fr\/#website"},"datePublished":"2024-12-11T06:52:00+00:00","dateModified":"2025-09-02T10:32:41+00:00","breadcrumb":{"@id":"https:\/\/abl.limo\/fr\/mentions-legales\/#breadcrumb"},"inLanguage":"fr-FR","potentialAction":[{"@type":"ReadAction","target":["https:\/\/abl.limo\/fr\/mentions-legales\/"]}]},{"@type":"BreadcrumbList","@id":"https:\/\/abl.limo\/fr\/mentions-legales\/#breadcrumb","itemListElement":[{"@type":"ListItem","position":1,"name":"Accueil","item":"https:\/\/abl.limo\/fr\/"},{"@type":"ListItem","position":2,"name":"Mentions l\u00e9gales"}]},{"@type":"WebSite","@id":"https:\/\/abl.limo\/fr\/#website","url":"https:\/\/abl.limo\/fr\/","name":"ABL Limousines","description":"","publisher":{"@id":"https:\/\/abl.limo\/fr\/#organization"},"potentialAction":[{"@type":"SearchAction","target":{"@type":"EntryPoint","urlTemplate":"https:\/\/abl.limo\/fr\/?s={search_term_string}"},"query-input":{"@type":"PropertyValueSpecification","valueRequired":true,"valueName":"search_term_string"}}],"inLanguage":"fr-FR"},{"@type":"Organization","@id":"https:\/\/abl.limo\/fr\/#organization","name":"ABL Limousines","url":"https:\/\/abl.limo\/fr\/","logo":{"@type":"ImageObject","inLanguage":"fr-FR","@id":"https:\/\/abl.limo\/fr\/#\/schema\/logo\/image\/","url":"http:\/\/www.abl.limo\/wp-content\/uploads\/2025\/05\/logo_abl-limousines.webp","contentUrl":"http:\/\/www.abl.limo\/wp-content\/uploads\/2025\/05\/logo_abl-limousines.webp","width":300,"height":224,"caption":"ABL Limousines"},"image":{"@id":"https:\/\/abl.limo\/fr\/#\/schema\/logo\/image\/"}}]}},"_links":{"self":[{"href":"https:\/\/abl.limo\/fr\/wp-json\/wp\/v2\/pages\/24","targetHints":{"allow":["GET"]}}],"collection":[{"href":"https:\/\/abl.limo\/fr\/wp-json\/wp\/v2\/pages"}],"about":[{"href":"https:\/\/abl.limo\/fr\/wp-json\/wp\/v2\/types\/page"}],"author":[{"embeddable":true,"href":"https:\/\/abl.limo\/fr\/wp-json\/wp\/v2\/users\/1"}],"replies":[{"embeddable":true,"href":"https:\/\/abl.limo\/fr\/wp-json\/wp\/v2\/comments?post=24"}],"version-history":[{"count":5,"href":"https:\/\/abl.limo\/fr\/wp-json\/wp\/v2\/pages\/24\/revisions"}],"predecessor-version":[{"id":2645,"href":"https:\/\/abl.limo\/fr\/wp-json\/wp\/v2\/pages\/24\/revisions\/2645"}],"wp:attachment":[{"href":"https:\/\/abl.limo\/fr\/wp-json\/wp\/v2\/media?parent=24"}],"curies":[{"name":"wp","href":"https:\/\/api.w.org\/{rel}","templated":true}]}}