{"id":110,"date":"2025-05-09T07:03:48","date_gmt":"2025-05-09T05:03:48","guid":{"rendered":"https:\/\/www.abl.limo\/?page_id=110"},"modified":"2025-07-07T15:53:50","modified_gmt":"2025-07-07T13:53:50","slug":"contact","status":"publish","type":"page","link":"https:\/\/abl.limo\/fr\/contact\/","title":{"rendered":"Contact"},"content":{"rendered":"\t\t<div data-elementor-type=\"wp-page\" data-elementor-id=\"110\" class=\"elementor elementor-110\" data-elementor-post-type=\"page\">\n\t\t\t\t<div class=\"elementor-element elementor-element-a3c5b5e e-flex e-con-boxed e-con e-parent\" data-id=\"a3c5b5e\" data-element_type=\"container\" data-settings=\"{&quot;background_background&quot;:&quot;classic&quot;}\">\n\t\t\t\t\t<div class=\"e-con-inner\">\n\t\t<div class=\"elementor-element elementor-element-d2f2054 e-con-full e-flex e-con e-child\" data-id=\"d2f2054\" data-element_type=\"container\">\n\t\t\t\t<div class=\"elementor-element elementor-element-5f9fa85 elementor-invisible elementor-widget elementor-widget-heading\" data-id=\"5f9fa85\" data-element_type=\"widget\" data-settings=\"{&quot;_animation&quot;:&quot;fadeInDown&quot;}\" data-widget_type=\"heading.default\">\n\t\t\t\t<div class=\"elementor-widget-container\">\n\t\t\t\t\t<h1 class=\"elementor-heading-title elementor-size-default\"><span>ABL Limousines<\/span>Contactez-nous<\/h1>\t\t\t\t<\/div>\n\t\t\t\t<\/div>\n\t\t\t\t<div class=\"elementor-element elementor-element-4abf2d8 elementor-invisible elementor-widget elementor-widget-text-editor\" data-id=\"4abf2d8\" data-element_type=\"widget\" data-settings=\"{&quot;_animation&quot;:&quot;fadeInDown&quot;,&quot;_animation_delay&quot;:100}\" data-widget_type=\"text-editor.default\">\n\t\t\t\t<div class=\"elementor-widget-container\">\n\t\t\t\t\t\t\t\t\t<p>Notre \u00e9quipe est disponible <strong>24h\/24 et 7j\/7<\/strong> pour r\u00e9pondre \u00e0 toutes vos demandes et organiser votre trajet sur mesure. Actifs <strong>en Belgique et dans plus de 1000 villes \u00e0 l\u2019international<\/strong>, nous mettons \u00e0 votre disposition une flotte haut de gamme et des chauffeurs exp\u00e9riment\u00e9s, garantissant confort, discr\u00e9tion et ponctualit\u00e9.<\/p>\t\t\t\t\t\t\t\t<\/div>\n\t\t\t\t<\/div>\n\t\t\t\t<\/div>\n\t\t\t\t\t<\/div>\n\t\t\t\t<\/div>\n\t\t<div class=\"elementor-element elementor-element-0639f71 e-flex e-con-boxed e-con e-parent\" data-id=\"0639f71\" data-element_type=\"container\">\n\t\t\t\t\t<div class=\"e-con-inner\">\n\t\t<div class=\"elementor-element elementor-element-e6347b1 e-con-full e-flex elementor-invisible e-con e-child\" data-id=\"e6347b1\" data-element_type=\"container\" data-settings=\"{&quot;animation&quot;:&quot;fadeInLeft&quot;}\">\n\t\t\t\t<div class=\"elementor-element elementor-element-6ecec9d fluent-form-widget-step-header-yes fluent-form-widget-step-progressbar-yes fluentform-widget-submit-button-custom elementor-widget elementor-widget-fluent-form-widget\" data-id=\"6ecec9d\" data-element_type=\"widget\" data-widget_type=\"fluent-form-widget.default\">\n\t\t\t\t<div class=\"elementor-widget-container\">\n\t\t\t\t\t\n            <div class=\"fluentform-widget-wrapper hide-fluent-form-labels fluentform-widget-align-default\">\n\n            \n            <div class='fluentform ff-default fluentform_wrapper_1 ffs_default_wrap'><form data-form_id=\"1\" id=\"fluentform_1\" class=\"frm-fluent-form fluent_form_1 ff-el-form-top ff_form_instance_1_1 ff-form-loading ffs_default\" data-form_instance=\"ff_form_instance_1_1\" method=\"POST\" ><fieldset  style=\"border: none!important;margin: 0!important;padding: 0!important;background-color: transparent!important;box-shadow: none!important;outline: none!important; min-inline-size: 100%;\">\n                    <legend class=\"ff_screen_reader_title\" style=\"display: block; margin: 0!important;padding: 0!important;height: 0!important;text-indent: -999999px;width: 0!important;overflow:hidden;\">Form<\/legend><p style=\"display: none !important;\" class=\"akismet-fields-container\" data-prefix=\"ak_\"><label>&#916;<textarea name=\"ak_hp_textarea\" cols=\"45\" rows=\"8\" maxlength=\"100\"><\/textarea><\/label><input type=\"hidden\" id=\"ak_js_1\" name=\"ak_js\" value=\"212\"\/>\n<script>document.getElementById( \"ak_js_1\" ).setAttribute( \"value\", ( new Date() ).getTime() );<\/script>\n<\/p>        <div\n                style=\"display: none!important; position: absolute!important; transform: translateX(1000%)!important;\"\n                class=\"ff-el-group ff-hpsf-container\"\n        >\n            <div class=\"ff-el-input--label asterisk-right\">\n                <label for=\"ff_1_item_sf\" aria-label=\"Contact\">\n                    Contact                <\/label>\n            <\/div>\n            <div class=\"ff-el-input--content\">\n                <input type=\"text\"\n                       name=\"item_1__fluent_sf\"\n                       class=\"ff-el-form-control\"\n                       id=\"ff_1_item_sf\"\n                \/>\n            <\/div>\n        <\/div>\n        <input type='hidden' name='__fluent_form_embded_post_id' value='110' \/><input type=\"hidden\" id=\"_fluentform_1_fluentformnonce\" name=\"_fluentform_1_fluentformnonce\" value=\"d65492c54d\" \/><input type=\"hidden\" name=\"_wp_http_referer\" value=\"\/fr\/wp-json\/wp\/v2\/pages\/110\" \/><div data-type=\"name-element\" data-name=\"names\" class=\" ff-field_container ff-name-field-wrapper\" ><div class='ff-t-container'><div class='ff-t-cell '><div class='ff-el-group'><div class=\"ff-el-input--label ff-el-is-required asterisk-right\"><label for='ff_1_names_first_name_' >Nom<\/label><\/div><div class='ff-el-input--content'><input type=\"text\" name=\"names[first_name]\" id=\"ff_1_names_first_name_\" class=\"ff-el-form-control\" placeholder=\"Nom *\" aria-invalid=\"false\" aria-required=true><\/div><\/div><\/div><div class='ff-t-cell '><div class='ff-el-group'><div class=\"ff-el-input--label ff-el-is-required asterisk-right\"><label for='ff_1_names_last_name_' >Pr\u00e9nom<\/label><\/div><div class='ff-el-input--content'><input type=\"text\" name=\"names[last_name]\" id=\"ff_1_names_last_name_\" class=\"ff-el-form-control\" placeholder=\"Pr\u00e9nom *\" aria-invalid=\"false\" aria-required=true><\/div><\/div><\/div><\/div><\/div><div data-name=\"ff_cn_id_1\"  class='ff-t-container ff-column-container ff_columns_total_2  '><div class='ff-t-cell ff-t-column-1' style='flex-basis: 50%;'><div class='ff-el-group'><div class=\"ff-el-input--label ff-el-is-required asterisk-right\"><label for='ff_1_email' aria-label=\"E-mail\">E-mail<\/label><\/div><div class='ff-el-input--content'><input type=\"email\" name=\"email\" id=\"ff_1_email\" class=\"ff-el-form-control\" placeholder=\"E-mail *\" data-name=\"email\"  aria-invalid=\"false\" aria-required=true><\/div><\/div><\/div><div class='ff-t-cell ff-t-column-2' style='flex-basis: 50%;'><div class='ff-el-group'><div class=\"ff-el-input--label asterisk-right\"><label for='ff_1_phone' aria-label=\"T\u00e9l\u00e9phone\">T\u00e9l\u00e9phone<\/label><\/div><div class='ff-el-input--content'><input name=\"phone\" class=\"ff-el-form-control ff-el-phone\" type=\"tel\" placeholder=\"T\u00e9l\u00e9phone\" data-name=\"phone\" id=\"ff_1_phone\" inputmode=\"tel\"  aria-invalid='false' aria-required=false><\/div><\/div><\/div><\/div><div class='ff-el-group'><div class=\"ff-el-input--label ff-el-is-required asterisk-right\"><label for='ff_1_message' aria-label=\"Message\">Message<\/label><\/div><div class='ff-el-input--content'><textarea aria-invalid=\"false\" aria-required=true name=\"message\" id=\"ff_1_message\" class=\"ff-el-form-control\" placeholder=\"Message *\" rows=\"6\" cols=\"2\" data-name=\"message\" ><\/textarea><\/div><\/div><div class='ff-el-group ' ><div class='ff-el-input--content'><div data-fluent_id='1' name='g-recaptcha-response'><div\n\t\tdata-sitekey='6LdSQH4rAAAAAAPhSFAt5D59QGC9fTlnvEPqNTKo'\n\t\tid='fluentform-recaptcha-1-1'\n\t\tclass='ff-el-recaptcha g-recaptcha'\n\t\tdata-callback='fluentFormrecaptchaSuccessCallback'><\/div><\/div><\/div><\/div><div class='ff-el-group ff-text-left elementor-button ff_submit_btn_wrapper'><button type=\"submit\" class=\"ff-btn ff-btn-submit ff-btn-md ff_btn_no_style\" >Envoyer<\/button><\/div><\/fieldset><\/form><div id='fluentform_1_errors' class='ff-errors-in-stack ff_form_instance_1_1 ff-form-loading_errors ff_form_instance_1_1_errors'><\/div><\/div>        \n<script type=\"text\/javascript\">\n            window.fluent_form_ff_form_instance_1_1 = {\"id\":\"1\",\"settings\":{\"layout\":{\"labelPlacement\":\"top\",\"helpMessagePlacement\":\"with_label\",\"errorMessagePlacement\":\"inline\",\"cssClassName\":\"\",\"asteriskPlacement\":\"asterisk-right\"},\"restrictions\":{\"denyEmptySubmission\":{\"enabled\":false}}},\"form_instance\":\"ff_form_instance_1_1\",\"form_id_selector\":\"fluentform_1\",\"rules\":{\"names[first_name]\":{\"required\":{\"value\":true,\"message\":\"Ce champ est obligatoire\",\"global\":false,\"global_message\":\"Ce champ est obligatoire\"}},\"names[middle_name]\":{\"required\":{\"value\":false,\"message\":\"This field is required\",\"global\":false,\"global_message\":\"Ce champ est obligatoire\"}},\"names[last_name]\":{\"required\":{\"value\":true,\"message\":\"Ce champ est obligatoire\",\"global\":false,\"global_message\":\"Ce champ est obligatoire\"}},\"email\":{\"required\":{\"value\":true,\"message\":\"Ce champ est obligatoire\",\"global\":false,\"global_message\":\"Ce champ est obligatoire\"},\"email\":{\"value\":true,\"message\":\"Ce champ doit contenir un e-mail valide\",\"global\":false,\"global_message\":\"Ce champ doit contenir un e-mail valide\"}},\"phone\":{\"required\":{\"value\":false,\"global\":true,\"message\":\"Ce champ est obligatoire\",\"global_message\":\"Ce champ est obligatoire\"},\"valid_phone_number\":{\"value\":false,\"global\":true,\"message\":\"Le num\\u00e9ro de t\\u00e9l\\u00e9phone n'est pas valide\",\"global_message\":\"Le num\\u00e9ro de t\\u00e9l\\u00e9phone n'est pas valide\"}},\"message\":{\"required\":{\"value\":true,\"message\":\"Ce champ est obligatoire\",\"global\":false,\"global_message\":\"Ce champ est obligatoire\"}},\"g-recaptcha-response\":[]},\"debounce_time\":300};\n                    <\/script>\n                    <\/div>\n\n            \t\t\t\t<\/div>\n\t\t\t\t<\/div>\n\t\t\t\t<\/div>\n\t\t<div class=\"elementor-element elementor-element-019d79c e-con-full e-flex elementor-invisible e-con e-child\" data-id=\"019d79c\" data-element_type=\"container\" data-settings=\"{&quot;animation&quot;:&quot;fadeInRight&quot;,&quot;background_background&quot;:&quot;classic&quot;}\">\n\t\t\t\t<div class=\"elementor-element elementor-element-34908f4 elementor-list-item-link-inline elementor-icon-list--layout-traditional elementor-widget elementor-widget-icon-list\" data-id=\"34908f4\" data-element_type=\"widget\" data-widget_type=\"icon-list.default\">\n\t\t\t\t<div class=\"elementor-widget-container\">\n\t\t\t\t\t\t\t<ul class=\"elementor-icon-list-items\">\n\t\t\t\t\t\t\t<li class=\"elementor-icon-list-item\">\n\t\t\t\t\t\t\t\t\t\t\t<a href=\"tel:+3223313131\">\n\n\t\t\t\t\t\t\t\t\t\t\t\t<span class=\"elementor-icon-list-icon\">\n\t\t\t\t\t\t\t\n<svg xmlns=\"http:\/\/www.w3.org\/2000\/svg\" viewBox=\"0 0 64 64\"><path d=\"M64 52.45v1.62c-.64 2.01-2.05 4.03-3.43 5.62-1.9 2.19-3.92 3.37-6.8 3.93-.62.12-1.29.12-1.88.31-1.03-.05-2.1.07-3.12 0C30.01 62.68 8.63 41.66 2.32 24.68-.66 16.65-1.9 8.03 5.7 2.35 12-2.36 14.57.84 18.67 5.96c2.29 2.86 5.68 7.09 5.38 10.86-.4 5.03-7.87 7.29-5.38 12.11 1.78 3.45 7.02 8.86 9.99 11.48 1.46 1.29 6.01 5.15 7.71 5.4 3.31.48 5.26-3.16 7.88-4.79 4.9-3.04 10.04 1.3 13.81 4.33 2.05 1.64 5.6 4.41 5.93 7.11z\"><\/path><\/svg>\n\t\t\t\t\t\t<\/span>\n\t\t\t\t\t\t\t\t\t\t<span class=\"elementor-icon-list-text\">+32 (0)2 331 31 31<\/span>\n\t\t\t\t\t\t\t\t\t\t\t<\/a>\n\t\t\t\t\t\t\t\t\t<\/li>\n\t\t\t\t\t\t\t\t<li class=\"elementor-icon-list-item\">\n\t\t\t\t\t\t\t\t\t\t\t<span class=\"elementor-icon-list-icon\">\n\t\t\t\t\t\t\t\n<svg xmlns=\"http:\/\/www.w3.org\/2000\/svg\" viewBox=\"0 0 64 64\"><path d=\"M33.61 0c13.08 1 23.26 12.34 22.5 25.56-.69 12.05-11.15 26.14-19.25 34.62-.72.76-3.1 3.32-3.88 3.62-1.04.4-1.91.17-2.75-.5-1.36-1.08-2.91-2.73-4.13-4C17.08 49.9 6.43 35.04 8 21.32 9.3 10.05 18.78.8 30.16.12l.2-.12h3.25zm-2.53 12.66c-8.77.68-13.57 10.69-8.58 18 4.54 6.64 14.4 6.62 18.95 0 5.48-7.96-.81-18.74-10.38-18z\"><\/path><\/svg>\n\t\t\t\t\t\t<\/span>\n\t\t\t\t\t\t\t\t\t\t<span class=\"elementor-icon-list-text\">Avenue de l'H\u00e9lianthe, 50<br>1180 Uccle<\/span>\n\t\t\t\t\t\t\t\t\t<\/li>\n\t\t\t\t\t\t\t\t<li class=\"elementor-icon-list-item\">\n\t\t\t\t\t\t\t\t\t\t\t<a href=\"mailto:res@abl.limo\">\n\n\t\t\t\t\t\t\t\t\t\t\t\t<span class=\"elementor-icon-list-icon\">\n\t\t\t\t\t\t\t\n<svg xmlns=\"http:\/\/www.w3.org\/2000\/svg\" viewBox=\"0 0 64 64\"><path d=\"M63.96 21.5v29.37c-.56 2.9-2.72 4.88-5.69 5.12H5.81C3.28 56.1 0 53.37 0 50.81V21.5l26.37 17.55a9.74 9.74 0 0 0 11.22 0L63.96 21.5zm0-8.38a8.77 8.77 0 0 1 0 1.62c-.21 1.64-1.48 3.24-2.83 4.1-8.59 5.25-16.79 11.83-25.41 16.95-2.47 1.46-4.23 1.84-6.85.38L1.58 17.86c-3.43-3.81-.91-9.47 4.1-9.87H58.4c2.68.22 5.23 2.41 5.56 5.13z\"><\/path><\/svg>\n\t\t\t\t\t\t<\/span>\n\t\t\t\t\t\t\t\t\t\t<span class=\"elementor-icon-list-text\">res@abl.limo<\/span>\n\t\t\t\t\t\t\t\t\t\t\t<\/a>\n\t\t\t\t\t\t\t\t\t<\/li>\n\t\t\t\t\t\t<\/ul>\n\t\t\t\t\t\t<\/div>\n\t\t\t\t<\/div>\n\t\t\t\t<div class=\"elementor-element elementor-element-55d161f btn-light elementor-invisible elementor-widget elementor-widget-button\" data-id=\"55d161f\" data-element_type=\"widget\" data-settings=\"{&quot;_animation&quot;:&quot;fadeInUp&quot;}\" data-widget_type=\"button.default\">\n\t\t\t\t<div class=\"elementor-widget-container\">\n\t\t\t\t\t\t\t\t\t<div class=\"elementor-button-wrapper\">\n\t\t\t\t\t<a class=\"elementor-button elementor-button-link elementor-size-sm\" href=\"https:\/\/abllimousines.way-plan.com\/demande\/ajout\/\" target=\"_blank\">\n\t\t\t\t\t\t<span class=\"elementor-button-content-wrapper\">\n\t\t\t\t\t\t<span class=\"elementor-button-icon\">\n\t\t\t\t\n<svg xmlns=\"http:\/\/www.w3.org\/2000\/svg\" xmlns:v=\"https:\/\/vecta.io\/nano\" viewBox=\"0 0 60 60\"><path d=\"M59.81 29.39L38.05 7.64c-1.15-1.11-2.56.31-1.45 1.45l19.81 19.89H.56c-.75 0-.75 2.04 0 2.04H56.4L36.17 51.69c.02 1 1.04 1.44 1.78.75l21.77-21.75c.35-.34.35-.91.08-1.29z\"><\/path><\/svg>\n\t\t\t<\/span>\n\t\t\t\t\t\t\t\t\t<span class=\"elementor-button-text\">R\u00e9servez en ligne d\u00e8s maintenant<\/span>\n\t\t\t\t\t<\/span>\n\t\t\t\t\t<\/a>\n\t\t\t\t<\/div>\n\t\t\t\t\t\t\t\t<\/div>\n\t\t\t\t<\/div>\n\t\t\t\t<\/div>\n\t\t\t\t\t<\/div>\n\t\t\t\t<\/div>\n\t\t\t\t<\/div>","protected":false},"excerpt":{"rendered":"<p>ABL LimousinesContactez-nous Notre \u00e9quipe est disponible 24h\/24 et 7j\/7 pour r\u00e9pondre \u00e0 toutes vos demandes et organiser votre trajet sur mesure. Actifs en Belgique et dans plus de 1000 villes \u00e0 l\u2019international, nous mettons \u00e0 votre disposition une flotte haut de gamme et des chauffeurs exp\u00e9riment\u00e9s, garantissant confort, discr\u00e9tion et ponctualit\u00e9. Form &#916; Subscribe NomPr\u00e9nomE-mailT\u00e9l\u00e9phoneMessageEnvoyer [&hellip;]<\/p>","protected":false},"author":1,"featured_media":2536,"parent":0,"menu_order":0,"comment_status":"closed","ping_status":"closed","template":"","meta":{"footnotes":""},"class_list":["post-110","page","type-page","status-publish","has-post-thumbnail","hentry"],"yoast_head":"<!-- This site is optimized with the Yoast SEO plugin v25.4 - https:\/\/yoast.com\/wordpress\/plugins\/seo\/ -->\n<title>ABL Limousines | Location de v\u00e9hicules de luxe avec chauffeur<\/title>\n<meta name=\"description\" content=\"Vous avez besoin d\u2019un v\u00e9hicule avec chauffeur ? Contactez ABL Limousines 24\/7 pour un service haut de gamme en Belgique et \u00e0 l\u2019international.\" \/>\n<meta name=\"robots\" content=\"index, follow, max-snippet:-1, max-image-preview:large, max-video-preview:-1\" \/>\n<link rel=\"canonical\" href=\"https:\/\/abl.limo\/fr\/contact\/\" \/>\n<meta property=\"og:locale\" content=\"fr_FR\" \/>\n<meta property=\"og:type\" content=\"article\" \/>\n<meta property=\"og:title\" content=\"ABL Limousines | Location de v\u00e9hicules de luxe avec chauffeur\" \/>\n<meta property=\"og:description\" content=\"Vous avez besoin d\u2019un v\u00e9hicule avec chauffeur ? Contactez ABL Limousines 24\/7 pour un service haut de gamme en Belgique et \u00e0 l\u2019international.\" \/>\n<meta property=\"og:url\" content=\"https:\/\/abl.limo\/fr\/contact\/\" \/>\n<meta property=\"og:site_name\" content=\"ABL Limousines\" \/>\n<meta property=\"article:modified_time\" content=\"2025-07-07T13:53:50+00:00\" \/>\n<meta property=\"og:image\" content=\"https:\/\/abl.limo\/wp-content\/uploads\/2025\/06\/trajet-sur-mesure.webp\" \/>\n\t<meta property=\"og:image:width\" content=\"2500\" \/>\n\t<meta property=\"og:image:height\" content=\"1500\" \/>\n\t<meta property=\"og:image:type\" content=\"image\/webp\" \/>\n<meta name=\"twitter:card\" content=\"summary_large_image\" \/>\n<meta name=\"twitter:label1\" content=\"Dur\u00e9e de lecture estim\u00e9e\" \/>\n\t<meta name=\"twitter:data1\" content=\"1 minute\" \/>\n<script type=\"application\/ld+json\" class=\"yoast-schema-graph\">{\"@context\":\"https:\/\/schema.org\",\"@graph\":[{\"@type\":\"WebPage\",\"@id\":\"https:\/\/abl.limo\/fr\/contact\/\",\"url\":\"https:\/\/abl.limo\/fr\/contact\/\",\"name\":\"ABL Limousines | Location de v\u00e9hicules de luxe avec chauffeur\",\"isPartOf\":{\"@id\":\"https:\/\/abl.limo\/fr\/#website\"},\"primaryImageOfPage\":{\"@id\":\"https:\/\/abl.limo\/fr\/contact\/#primaryimage\"},\"image\":{\"@id\":\"https:\/\/abl.limo\/fr\/contact\/#primaryimage\"},\"thumbnailUrl\":\"https:\/\/abl.limo\/wp-content\/uploads\/2025\/06\/trajet-sur-mesure.webp\",\"datePublished\":\"2025-05-09T05:03:48+00:00\",\"dateModified\":\"2025-07-07T13:53:50+00:00\",\"description\":\"Vous avez besoin d\u2019un v\u00e9hicule avec chauffeur ? Contactez ABL Limousines 24\/7 pour un service haut de gamme en Belgique et \u00e0 l\u2019international.\",\"breadcrumb\":{\"@id\":\"https:\/\/abl.limo\/fr\/contact\/#breadcrumb\"},\"inLanguage\":\"fr-FR\",\"potentialAction\":[{\"@type\":\"ReadAction\",\"target\":[\"https:\/\/abl.limo\/fr\/contact\/\"]}]},{\"@type\":\"ImageObject\",\"inLanguage\":\"fr-FR\",\"@id\":\"https:\/\/abl.limo\/fr\/contact\/#primaryimage\",\"url\":\"https:\/\/abl.limo\/wp-content\/uploads\/2025\/06\/trajet-sur-mesure.webp\",\"contentUrl\":\"https:\/\/abl.limo\/wp-content\/uploads\/2025\/06\/trajet-sur-mesure.webp\",\"width\":2500,\"height\":1500,\"caption\":\"Main tenant une cl\u00e9-contact Mercedes, voiture noire flout\u00e9e en arri\u00e8re-plan sur parking.\"},{\"@type\":\"BreadcrumbList\",\"@id\":\"https:\/\/abl.limo\/fr\/contact\/#breadcrumb\",\"itemListElement\":[{\"@type\":\"ListItem\",\"position\":1,\"name\":\"Accueil\",\"item\":\"https:\/\/abl.limo\/fr\/\"},{\"@type\":\"ListItem\",\"position\":2,\"name\":\"Contact\"}]},{\"@type\":\"WebSite\",\"@id\":\"https:\/\/abl.limo\/fr\/#website\",\"url\":\"https:\/\/abl.limo\/fr\/\",\"name\":\"ABL Limousines\",\"description\":\"\",\"publisher\":{\"@id\":\"https:\/\/abl.limo\/fr\/#organization\"},\"potentialAction\":[{\"@type\":\"SearchAction\",\"target\":{\"@type\":\"EntryPoint\",\"urlTemplate\":\"https:\/\/abl.limo\/fr\/?s={search_term_string}\"},\"query-input\":{\"@type\":\"PropertyValueSpecification\",\"valueRequired\":true,\"valueName\":\"search_term_string\"}}],\"inLanguage\":\"fr-FR\"},{\"@type\":\"Organization\",\"@id\":\"https:\/\/abl.limo\/fr\/#organization\",\"name\":\"ABL Limousines\",\"url\":\"https:\/\/abl.limo\/fr\/\",\"logo\":{\"@type\":\"ImageObject\",\"inLanguage\":\"fr-FR\",\"@id\":\"https:\/\/abl.limo\/fr\/#\/schema\/logo\/image\/\",\"url\":\"http:\/\/www.abl.limo\/wp-content\/uploads\/2025\/05\/logo_abl-limousines.webp\",\"contentUrl\":\"http:\/\/www.abl.limo\/wp-content\/uploads\/2025\/05\/logo_abl-limousines.webp\",\"width\":300,\"height\":224,\"caption\":\"ABL Limousines\"},\"image\":{\"@id\":\"https:\/\/abl.limo\/fr\/#\/schema\/logo\/image\/\"}}]}<\/script>\n<!-- \/ Yoast SEO plugin. -->","yoast_head_json":{"title":"ABL Limousines | Location de v\u00e9hicules de luxe avec chauffeur","description":"Vous avez besoin d\u2019un v\u00e9hicule avec chauffeur ? Contactez ABL Limousines 24\/7 pour un service haut de gamme en Belgique et \u00e0 l\u2019international.","robots":{"index":"index","follow":"follow","max-snippet":"max-snippet:-1","max-image-preview":"max-image-preview:large","max-video-preview":"max-video-preview:-1"},"canonical":"https:\/\/abl.limo\/fr\/contact\/","og_locale":"fr_FR","og_type":"article","og_title":"ABL Limousines | Location de v\u00e9hicules de luxe avec chauffeur","og_description":"Vous avez besoin d\u2019un v\u00e9hicule avec chauffeur ? Contactez ABL Limousines 24\/7 pour un service haut de gamme en Belgique et \u00e0 l\u2019international.","og_url":"https:\/\/abl.limo\/fr\/contact\/","og_site_name":"ABL Limousines","article_modified_time":"2025-07-07T13:53:50+00:00","og_image":[{"width":2500,"height":1500,"url":"https:\/\/abl.limo\/wp-content\/uploads\/2025\/06\/trajet-sur-mesure.webp","type":"image\/webp"}],"twitter_card":"summary_large_image","twitter_misc":{"Dur\u00e9e de lecture estim\u00e9e":"1 minute"},"schema":{"@context":"https:\/\/schema.org","@graph":[{"@type":"WebPage","@id":"https:\/\/abl.limo\/fr\/contact\/","url":"https:\/\/abl.limo\/fr\/contact\/","name":"ABL Limousines | Location de v\u00e9hicules de luxe avec chauffeur","isPartOf":{"@id":"https:\/\/abl.limo\/fr\/#website"},"primaryImageOfPage":{"@id":"https:\/\/abl.limo\/fr\/contact\/#primaryimage"},"image":{"@id":"https:\/\/abl.limo\/fr\/contact\/#primaryimage"},"thumbnailUrl":"https:\/\/abl.limo\/wp-content\/uploads\/2025\/06\/trajet-sur-mesure.webp","datePublished":"2025-05-09T05:03:48+00:00","dateModified":"2025-07-07T13:53:50+00:00","description":"Vous avez besoin d\u2019un v\u00e9hicule avec chauffeur ? Contactez ABL Limousines 24\/7 pour un service haut de gamme en Belgique et \u00e0 l\u2019international.","breadcrumb":{"@id":"https:\/\/abl.limo\/fr\/contact\/#breadcrumb"},"inLanguage":"fr-FR","potentialAction":[{"@type":"ReadAction","target":["https:\/\/abl.limo\/fr\/contact\/"]}]},{"@type":"ImageObject","inLanguage":"fr-FR","@id":"https:\/\/abl.limo\/fr\/contact\/#primaryimage","url":"https:\/\/abl.limo\/wp-content\/uploads\/2025\/06\/trajet-sur-mesure.webp","contentUrl":"https:\/\/abl.limo\/wp-content\/uploads\/2025\/06\/trajet-sur-mesure.webp","width":2500,"height":1500,"caption":"Main tenant une cl\u00e9-contact Mercedes, voiture noire flout\u00e9e en arri\u00e8re-plan sur parking."},{"@type":"BreadcrumbList","@id":"https:\/\/abl.limo\/fr\/contact\/#breadcrumb","itemListElement":[{"@type":"ListItem","position":1,"name":"Accueil","item":"https:\/\/abl.limo\/fr\/"},{"@type":"ListItem","position":2,"name":"Contact"}]},{"@type":"WebSite","@id":"https:\/\/abl.limo\/fr\/#website","url":"https:\/\/abl.limo\/fr\/","name":"ABL Limousines","description":"","publisher":{"@id":"https:\/\/abl.limo\/fr\/#organization"},"potentialAction":[{"@type":"SearchAction","target":{"@type":"EntryPoint","urlTemplate":"https:\/\/abl.limo\/fr\/?s={search_term_string}"},"query-input":{"@type":"PropertyValueSpecification","valueRequired":true,"valueName":"search_term_string"}}],"inLanguage":"fr-FR"},{"@type":"Organization","@id":"https:\/\/abl.limo\/fr\/#organization","name":"ABL Limousines","url":"https:\/\/abl.limo\/fr\/","logo":{"@type":"ImageObject","inLanguage":"fr-FR","@id":"https:\/\/abl.limo\/fr\/#\/schema\/logo\/image\/","url":"http:\/\/www.abl.limo\/wp-content\/uploads\/2025\/05\/logo_abl-limousines.webp","contentUrl":"http:\/\/www.abl.limo\/wp-content\/uploads\/2025\/05\/logo_abl-limousines.webp","width":300,"height":224,"caption":"ABL Limousines"},"image":{"@id":"https:\/\/abl.limo\/fr\/#\/schema\/logo\/image\/"}}]}},"_links":{"self":[{"href":"https:\/\/abl.limo\/fr\/wp-json\/wp\/v2\/pages\/110","targetHints":{"allow":["GET"]}}],"collection":[{"href":"https:\/\/abl.limo\/fr\/wp-json\/wp\/v2\/pages"}],"about":[{"href":"https:\/\/abl.limo\/fr\/wp-json\/wp\/v2\/types\/page"}],"author":[{"embeddable":true,"href":"https:\/\/abl.limo\/fr\/wp-json\/wp\/v2\/users\/1"}],"replies":[{"embeddable":true,"href":"https:\/\/abl.limo\/fr\/wp-json\/wp\/v2\/comments?post=110"}],"version-history":[{"count":5,"href":"https:\/\/abl.limo\/fr\/wp-json\/wp\/v2\/pages\/110\/revisions"}],"predecessor-version":[{"id":2563,"href":"https:\/\/abl.limo\/fr\/wp-json\/wp\/v2\/pages\/110\/revisions\/2563"}],"wp:featuredmedia":[{"embeddable":true,"href":"https:\/\/abl.limo\/fr\/wp-json\/wp\/v2\/media\/2536"}],"wp:attachment":[{"href":"https:\/\/abl.limo\/fr\/wp-json\/wp\/v2\/media?parent=110"}],"curies":[{"name":"wp","href":"https:\/\/api.w.org\/{rel}","templated":true}]}}